{"id":7741,"date":"2025-04-16T07:47:33","date_gmt":"2025-04-16T05:47:33","guid":{"rendered":"https:\/\/nutrivial.com\/?page_id=7741"},"modified":"2025-09-11T12:56:12","modified_gmt":"2025-09-11T10:56:12","slug":"one-time-coaching-health-coach-client-agreement","status":"publish","type":"page","link":"https:\/\/www.nutrivial.com\/de\/one-time-coaching-health-coach-client-agreement\/","title":{"rendered":"One-Time Coaching: Health Coach-Client Agreement"},"content":{"rendered":"\t\t<div data-elementor-type=\"wp-page\" data-elementor-id=\"7741\" class=\"elementor elementor-7741 elementor-7570\" data-elementor-post-type=\"page\">\n\t\t\t\t<div class=\"elementor-element elementor-element-569e841 e-flex e-con-boxed e-con e-parent\" data-id=\"569e841\" data-element_type=\"container\">\n\t\t\t\t\t<div class=\"e-con-inner\">\n\t\t\t\t<div class=\"elementor-element elementor-element-444cf10 elementor-widget elementor-widget-heading\" data-id=\"444cf10\" data-element_type=\"widget\" data-widget_type=\"heading.default\">\n\t\t\t\t<div class=\"elementor-widget-container\">\n\t\t\t\t\t<h2 class=\"elementor-heading-title elementor-size-default\">Einmaliges Gesundheitscoaching: Coach-Klient-Vereinbarung <\/h2>\t\t\t\t<\/div>\n\t\t\t\t<\/div>\n\t\t\t\t<div class=\"elementor-element elementor-element-5352f48 elementor-widget elementor-widget-heading\" data-id=\"5352f48\" data-element_type=\"widget\" data-widget_type=\"heading.default\">\n\t\t\t\t<div class=\"elementor-widget-container\">\n\t\t\t\t\t<h6 class=\"elementor-heading-title elementor-size-default\">Diese Coach-Klient-Vereinbarung (die \u201eVereinbarung\u201c) wird am <span id=\"currentDate\"><\/span> geschlossen zwischen [Name des Coaches] (\u201eCoach\u201c) und [Name des Klienten] (\"<span id='client-name'>\u201eKlient\u201c<\/span>). <\/h6>\t\t\t\t<\/div>\n\t\t\t\t<\/div>\n\t\t\t\t<div class=\"elementor-element elementor-element-982453c elementor-widget elementor-widget-html\" data-id=\"982453c\" data-element_type=\"widget\" data-widget_type=\"html.default\">\n\t\t\t\t<div class=\"elementor-widget-container\">\n\t\t\t\t\t<script>\r\n  const options = { year: 'numeric', month: 'long', day: 'numeric' };\r\n  document.getElementById(\"currentDate\").innerText = new Date().toLocaleDateString('en-US', options);\r\n  \r\n  let params = new URLSearchParams(location.search);\r\n  const clientName = params.get('client');\r\n  console.log(clientName);\r\n  \r\n  if(clientName){\r\n      document.getElementById(\"client-name\").innerHTML = clientName;\r\n  }\r\n<\/script>\t\t\t\t<\/div>\n\t\t\t\t<\/div>\n\t\t\t\t<div class=\"elementor-element elementor-element-5fbf409 elementor-widget elementor-widget-heading\" data-id=\"5fbf409\" data-element_type=\"widget\" data-widget_type=\"heading.default\">\n\t\t\t\t<div class=\"elementor-widget-container\">\n\t\t\t\t\t<h6 class=\"elementor-heading-title elementor-size-default\">1. Leistungsumfang<\/h6>\t\t\t\t<\/div>\n\t\t\t\t<\/div>\n\t\t \t\t<div class=\"elementor-element elementor-element-64d340d elementor-widget elementor-widget-text-editor\" data-id=\"64d340d\" data-element_type=\"widget\" data-widget_type=\"text-editor.default\">\n\t\t\t\t<div class=\"elementor-widget-container\">\n\t\t\t\t\t\t\t\t\t<p><span data-contrast=\"auto\">1.1 Der Coach verpflichtet sich, dem Klienten Gesundheitscoaching-Dienstleistungen bereitzustellen. Diese beinhalten pers\u00f6nliche Beratung, Zielsetzung, Evaluierung des Fortschritts sowie Empfehlungen in Bezug auf Ern\u00e4hrung, Lebensstil und allgemeine Wohlbefindenspraktiken.<\/span><span data-ccp-props=\"{}\">\u00a0<\/span><\/p><p><span data-contrast=\"auto\">1.2 Der Coach verpflichtet sich, dem Klienten individuelle Unterst\u00fctzung und Beratung im Rahmen ehrgeiziger Gesundheits- und Wellnessziele zu bieten. Zu den Leistungen und Verpflichtungen von Coach und Klient z\u00e4hlen:<\/span><span data-ccp-props=\"{}\">\u00a0<\/span><\/p><ul><li data-leveltext=\"\uf0b7\" data-font=\"Symbol\" data-listid=\"5\" data-list-defn-props=\"{&quot;335552541&quot;:1,&quot;335559685&quot;:720,&quot;335559991&quot;:360,&quot;469769226&quot;:&quot;Symbol&quot;,&quot;469769242&quot;:[8226],&quot;469777803&quot;:&quot;left&quot;,&quot;469777804&quot;:&quot;\uf0b7&quot;,&quot;469777815&quot;:&quot;hybridMultilevel&quot;}\" aria-setsize=\"-1\" data-aria-posinset=\"1\" data-aria-level=\"1\"><span data-contrast=\"auto\">Ausf\u00fcllen eines umfassenden Fragebogens durch den Klienten zur Bereitstellung relevanter Hintergrundinformationen f\u00fcr den Coach<\/span><span data-ccp-props=\"{&quot;469777462&quot;:[720],&quot;469777927&quot;:[0],&quot;469777928&quot;:[8]}\">\u00a0<\/span><\/li><\/ul><ul><li data-leveltext=\"\uf0b7\" data-font=\"Symbol\" data-listid=\"5\" data-list-defn-props=\"{&quot;335552541&quot;:1,&quot;335559685&quot;:720,&quot;335559991&quot;:360,&quot;469769226&quot;:&quot;Symbol&quot;,&quot;469769242&quot;:[8226],&quot;469777803&quot;:&quot;left&quot;,&quot;469777804&quot;:&quot;\uf0b7&quot;,&quot;469777815&quot;:&quot;hybridMultilevel&quot;}\" aria-setsize=\"-1\" data-aria-posinset=\"2\" data-aria-level=\"1\"><span data-contrast=\"auto\">Eine 45-min\u00fctige Zoom-Sitzung zwischen Coach und Klient zur Besprechung der Ziele, Herausforderungen und Priorit\u00e4ten des Klienten<\/span><span data-ccp-props=\"{&quot;469777462&quot;:[720],&quot;469777927&quot;:[0],&quot;469777928&quot;:[8]}\">\u00a0<\/span><\/li><\/ul><ul><li data-leveltext=\"\uf0b7\" data-font=\"Symbol\" data-listid=\"5\" data-list-defn-props=\"{&quot;335552541&quot;:1,&quot;335559685&quot;:720,&quot;335559991&quot;:360,&quot;469769226&quot;:&quot;Symbol&quot;,&quot;469769242&quot;:[8226],&quot;469777803&quot;:&quot;left&quot;,&quot;469777804&quot;:&quot;\uf0b7&quot;,&quot;469777815&quot;:&quot;hybridMultilevel&quot;}\" aria-setsize=\"-1\" data-aria-posinset=\"3\" data-aria-level=\"1\"><span data-contrast=\"auto\">Zustellung eines individuell erstellten Plans mit umsetzbaren Schritten und Ern\u00e4hrungsempfehlungen innerhalb von 24 Stunden nach der Sitzung<\/span><span data-ccp-props=\"{&quot;469777462&quot;:[720],&quot;469777927&quot;:[0],&quot;469777928&quot;:[8]}\">\u00a0<\/span><\/li><\/ul><p><span data-contrast=\"auto\">1.3 Die Ziele der Zusammenarbeit zwischen Coach und Klient werden in der ersten Sitzung gemeinsam formuliert. Diese Ziele werden vom Coach dokumentiert und dem Klienten anschlie\u00dfend zur Verf\u00fcgung gestellt. Wesentliche \u00c4nderungen der Ziele werden vom Coach aufgezeichnet und dem Klienten mitgeteilt.<\/span><span data-ccp-props=\"{}\">\u00a0<\/span><\/p><p><span data-contrast=\"auto\">1.4 Die Leistungen des Coaches stellen keine medizinische Beratung, Diagnose oder Behandlung dar. Der Klient erkennt erneut an, dass der Coach kein approbierter Arzt, Psychologe oder Ern\u00e4hrungsberater ist und Gesundheitscoaching keine medizinische Behandlung ersetzt.<\/span><span data-ccp-props=\"{}\">\u00a0<\/span><\/p>\t\t\t\t\t\t\t\t<\/div>\n\t\t\t\t<\/div>\n\t\t\t\t<div class=\"elementor-element elementor-element-156c325 elementor-widget elementor-widget-heading\" data-id=\"156c325\" data-element_type=\"widget\" data-widget_type=\"heading.default\">\n\t\t\t\t<div class=\"elementor-widget-container\">\n\t\t\t\t\t<h6 class=\"elementor-heading-title elementor-size-default\">2. Umfang und Dauer der Zusammenarbeit <\/h6>\t\t\t\t<\/div>\n\t\t\t\t<\/div>\n\t\t\t\t<div class=\"elementor-element elementor-element-27cbc4a elementor-widget elementor-widget-text-editor\" data-id=\"27cbc4a\" data-element_type=\"widget\" data-widget_type=\"text-editor.default\">\n\t\t\t\t<div class=\"elementor-widget-container\">\n\t\t\t\t\t\t\t\t\t<p><span class=\"TextRun SCXW12993728 BCX8\" lang=\"DE-DE\" xml:lang=\"DE-DE\" data-contrast=\"auto\"><span class=\"NormalTextRun SCXW12993728 BCX8\">2.1 Diese Vereinbarung bezieht sich auf eine einmalige Coaching-Sitzung mit einer Dauer von 45 Minuten.<\/span><\/span><\/p>\t\t\t\t\t\t\t\t<\/div>\n\t\t\t\t<\/div>\n\t\t\t\t<div class=\"elementor-element elementor-element-54a45cc elementor-widget elementor-widget-heading\" data-id=\"54a45cc\" data-element_type=\"widget\" data-widget_type=\"heading.default\">\n\t\t\t\t<div class=\"elementor-widget-container\">\n\t\t\t\t\t<h6 class=\"elementor-heading-title elementor-size-default\">3. Datenschutz und Vertraulichkeit <\/h6>\t\t\t\t<\/div>\n\t\t\t\t<\/div>\n\t\t\t\t<div class=\"elementor-element elementor-element-d215674 elementor-widget elementor-widget-text-editor\" data-id=\"d215674\" data-element_type=\"widget\" data-widget_type=\"text-editor.default\">\n\t\t\t\t<div class=\"elementor-widget-container\">\n\t\t\t\t\t\t\t\t\t<p><span data-contrast=\"auto\">3.1 Der Coach verpflichtet sich zur strikten Vertraulichkeit aller vom Klienten mitgeteilten pers\u00f6nlichen Informationen, einschlie\u00dflich gesundheitsbezogener, lebensstilbezogener und pers\u00f6nlicher Daten.<\/span><span data-ccp-props=\"{}\">\u00a0<\/span><\/p><p><span data-contrast=\"auto\">3.2 Informationen aus den Coaching-Sitzungen werden ohne schriftliche Zustimmung des Klienten nicht an Dritte weitergegeben, es sei denn, dies ist gesetzlich erforderlich.<\/span><span data-ccp-props=\"{}\">\u00a0<\/span><\/p><p><span data-contrast=\"auto\">3.3 Der Klient erkennt an, dass elektronische Kommunikationsmittel (z.<\/span><span data-contrast=\"auto\">\u202f<\/span><span data-contrast=\"auto\">B. E-Mail, Videogespr\u00e4che), obwohl sie nach bestem Wissen gesichert sind, ein gewisses Risiko f\u00fcr die Privatsph\u00e4re mit sich bringen k\u00f6nnen.<\/span><\/p>\t\t\t\t\t\t\t\t<\/div>\n\t\t\t\t<\/div>\n\t\t\t\t<div class=\"elementor-element elementor-element-2987195 elementor-widget elementor-widget-heading\" data-id=\"2987195\" data-element_type=\"widget\" data-widget_type=\"heading.default\">\n\t\t\t\t<div class=\"elementor-widget-container\">\n\t\t\t\t\t<h6 class=\"elementor-heading-title elementor-size-default\">4. Geb\u00fchren und Zahlungsbedingungen<\/h6>\t\t\t\t<\/div>\n\t\t\t\t<\/div>\n\t\t\t\t<div class=\"elementor-element elementor-element-e086303 elementor-widget elementor-widget-text-editor\" data-id=\"e086303\" data-element_type=\"widget\" data-widget_type=\"text-editor.default\">\n\t\t\t\t<div class=\"elementor-widget-container\">\n\t\t\t\t\t\t\t\t\t<p><span data-contrast=\"auto\">4.1 Der Klient verpflichtet sich zur Zahlung eines Honorars in H\u00f6he von 75 EUR f\u00fcr die Coaching-Dienstleistungen.<\/span><span data-ccp-props=\"{}\">\u00a0<\/span><\/p><p><span data-contrast=\"auto\">4.2 Die Zahlung ist im Voraus zu leisten. Akzeptierte Zahlungsmethoden sind z.<\/span><span data-contrast=\"auto\">\u202f<\/span><span data-contrast=\"auto\">B. Kreditkarte oder Bank\u00fcberweisung.<\/span><span data-ccp-props=\"{}\">\u00a0<\/span><\/p><p><span data-contrast=\"auto\">4.3 Rechnungen werden ausgestellt, und die Zahlung muss bis zum auf der Rechnung angegebenen F\u00e4lligkeitsdatum erfolgen.<\/span><span data-ccp-props=\"{}\">\u00a0<\/span><\/p><p><span data-contrast=\"auto\">4.4 Bei versp\u00e4teter Zahlung k\u00f6nnen die Coaching-Leistungen bis zum Zahlungseingang ausgesetzt werden. Wiederholte oder andauernde Zahlungsverz\u00f6gerungen k\u00f6nnen zur Beendigung dieser Vereinbarung f\u00fchren.<\/span><\/p>\t\t\t\t\t\t\t\t<\/div>\n\t\t\t\t<\/div>\n\t\t\t\t<div class=\"elementor-element elementor-element-10c12db elementor-widget elementor-widget-heading\" data-id=\"10c12db\" data-element_type=\"widget\" data-widget_type=\"heading.default\">\n\t\t\t\t<div class=\"elementor-widget-container\">\n\t\t\t\t\t<h6 class=\"elementor-heading-title elementor-size-default\">5. Verantwortung des Klienten <\/h6>\t\t\t\t<\/div>\n\t\t\t\t<\/div>\n\t\t\t\t<div class=\"elementor-element elementor-element-7a64fb1 elementor-widget elementor-widget-text-editor\" data-id=\"7a64fb1\" data-element_type=\"widget\" data-widget_type=\"text-editor.default\">\n\t\t\t\t<div class=\"elementor-widget-container\">\n\t\t\t\t\t\t\t\t\t<p><span data-contrast=\"auto\">5.1 Der Klient verpflichtet sich, aktiv am Coaching-Prozess teilzunehmen, einschlie\u00dflich Zielsetzung, Erledigung vereinbarter Aufgaben und Bereitstellung wahrheitsgem\u00e4\u00dfer Informationen \u00fcber Gesundheit und Lebensstil.<\/span><span data-ccp-props=\"{}\">\u00a0<\/span><\/p><p><span data-contrast=\"auto\">5.2 Der Klient versteht, dass der Erfolg der Zusammenarbeit ma\u00dfgeblich von seinem eigenen Engagement und seiner Mitarbeit abh\u00e4ngt.<\/span><span data-ccp-props=\"{}\">\u00a0<\/span><\/p><p><span data-contrast=\"auto\">5.3 Der Klient erkennt an, dass keine Ergebnisse garantiert werden k\u00f6nnen und dass Fortschritte von verschiedenen Faktoren abh\u00e4ngen \u2013 insbesondere der Einhaltung vereinbarter Strategien und Empfehlungen.<\/span><\/p>\t\t\t\t\t\t\t\t<\/div>\n\t\t\t\t<\/div>\n\t\t\t\t<div class=\"elementor-element elementor-element-3147f8b elementor-widget elementor-widget-heading\" data-id=\"3147f8b\" data-element_type=\"widget\" data-widget_type=\"heading.default\">\n\t\t\t\t<div class=\"elementor-widget-container\">\n\t\t\t\t\t<h6 class=\"elementor-heading-title elementor-size-default\">6. Haftungsbeschr\u00e4nkung <\/h6>\t\t\t\t<\/div>\n\t\t\t\t<\/div>\n\t\t\t\t<div class=\"elementor-element elementor-element-e241d35 elementor-widget elementor-widget-text-editor\" data-id=\"e241d35\" data-element_type=\"widget\" data-widget_type=\"text-editor.default\">\n\t\t\t\t<div class=\"elementor-widget-container\">\n\t\t\t\t\t\t\t\t\t<p><span data-contrast=\"auto\">6.1 Der Klient erkl\u00e4rt sich damit einverstanden, dass der Coach nicht f\u00fcr Sch\u00e4den, Verletzungen oder negative Folgen haftbar gemacht werden kann, die sich aus der Teilnahme am Coaching-Programm ergeben.<\/span><span data-ccp-props=\"{}\">\u00a0<\/span><\/p><p><span data-contrast=\"auto\">6.2 Der Klient tr\u00e4gt die Verantwortung daf\u00fcr, vor Umsetzung von Empfehlungen des Coaches \u00e4rztlichen Rat durch eine entsprechend qualifizierte Fachkraft einzuholen.<\/span><\/p>\t\t\t\t\t\t\t\t<\/div>\n\t\t\t\t<\/div>\n\t\t\t\t<div class=\"elementor-element elementor-element-071501a elementor-widget elementor-widget-heading\" data-id=\"071501a\" data-element_type=\"widget\" data-widget_type=\"heading.default\">\n\t\t\t\t<div class=\"elementor-widget-container\">\n\t\t\t\t\t<h6 class=\"elementor-heading-title elementor-size-default\">7. Gesamte Vereinbarung <\/h6>\t\t\t\t<\/div>\n\t\t\t\t<\/div>\n\t\t\t\t<div class=\"elementor-element elementor-element-b4a462a elementor-widget elementor-widget-text-editor\" data-id=\"b4a462a\" data-element_type=\"widget\" data-widget_type=\"text-editor.default\">\n\t\t\t\t<div class=\"elementor-widget-container\">\n\t\t\t\t\t\t\t\t\t<p><span data-contrast=\"auto\">7.1 Diese Vereinbarung stellt die vollst\u00e4ndige \u00dcbereinkunft zwischen Coach und Klient im Rahmen der Coaching-Beziehung dar und ersetzt alle vorherigen m\u00fcndlichen oder schriftlichen Absprachen.<\/span><span data-ccp-props=\"{}\">\u00a0<\/span><\/p><p><span data-contrast=\"auto\">7.2 \u00c4nderungen oder Erg\u00e4nzungen dieser Vereinbarung m\u00fcssen schriftlich erfolgen und von beiden Parteien unterzeichnet werden.<\/span><\/p>\t\t\t\t\t\t\t\t<\/div>\n\t\t\t\t<\/div>\n\t\t\t\t<div class=\"elementor-element elementor-element-aadac83 elementor-widget elementor-widget-heading\" data-id=\"aadac83\" data-element_type=\"widget\" data-widget_type=\"heading.default\">\n\t\t\t\t<div class=\"elementor-widget-container\">\n\t\t\t\t\t<h6 class=\"elementor-heading-title elementor-size-default\">8. Anwendbares Recht <\/h6>\t\t\t\t<\/div>\n\t\t\t\t<\/div>\n\t\t\t\t<div class=\"elementor-element elementor-element-da616d8 elementor-widget elementor-widget-text-editor\" data-id=\"da616d8\" data-element_type=\"widget\" data-widget_type=\"text-editor.default\">\n\t\t\t\t<div class=\"elementor-widget-container\">\n\t\t\t\t\t\t\t\t\t<p><span class=\"TextRun SCXW159158058 BCX8\" lang=\"DE-DE\" xml:lang=\"DE-DE\" data-contrast=\"auto\"><span class=\"NormalTextRun SCXW159158058 BCX8\">8.1 Diese Vereinbarung unterliegt dem Recht der Schweiz und ist entsprechend auszulegen.<\/span><\/span><\/p>\t\t\t\t\t\t\t\t<\/div>\n\t\t\t\t<\/div>\n\t\t\t\t<div class=\"elementor-element elementor-element-171b7ec elementor-widget elementor-widget-heading\" data-id=\"171b7ec\" data-element_type=\"widget\" data-widget_type=\"heading.default\">\n\t\t\t\t<div class=\"elementor-widget-container\">\n\t\t\t\t\t<h6 class=\"elementor-heading-title elementor-size-default\">Best\u00e4tigung und Annahme <\/h6>\t\t\t\t<\/div>\n\t\t\t\t<\/div>\n\t\t\t\t<div class=\"elementor-element elementor-element-a708ced elementor-widget elementor-widget-text-editor\" data-id=\"a708ced\" data-element_type=\"widget\" data-widget_type=\"text-editor.default\">\n\t\t\t\t<div class=\"elementor-widget-container\">\n\t\t\t\t\t\t\t\t\t<p><span class=\"TextRun SCXW18889044 BCX8\" lang=\"DE-DE\" xml:lang=\"DE-DE\" data-contrast=\"auto\"><span class=\"NormalTextRun SCXW18889044 BCX8\">Durch das Anklicken von \u201eAkzeptieren\u201c best\u00e4tigt der Klient, diese Vereinbarung gelesen, verstanden und akzeptiert zu haben.<\/span><\/span><span class=\"EOP SCXW18889044 BCX8\" data-ccp-props=\"{}\">\u00a0<\/span><\/p>\t\t\t\t\t\t\t\t<\/div>\n\t\t\t\t<\/div>\n\t\t\t\t<div class=\"elementor-element elementor-element-3764234 elementor-widget elementor-widget-heading\" data-id=\"3764234\" data-element_type=\"widget\" data-widget_type=\"heading.default\">\n\t\t\t\t<div class=\"elementor-widget-container\">\n\t\t\t\t\t<h4 class=\"elementor-heading-title elementor-size-default\">Hinweis: Das Vertragsdokument wird Ihnen per E-Mail zugesandt, sobald Ihr Abonnement best\u00e4tigt wurde.<\/h4>\t\t\t\t<\/div>\n\t\t\t\t<\/div>\n\t\t\t\t<div class=\"elementor-element elementor-element-f83ed24 print-button elementor-widget elementor-widget-html\" data-id=\"f83ed24\" data-element_type=\"widget\" data-widget_type=\"html.default\">\n\t\t\t\t<div class=\"elementor-widget-container\">\n\t\t\t\t\t<button onclick=\"window.print()\" style=\"padding: 10px 20px; background-color: #2a2a2a; color: white; border: none; border-radius: 5px; cursor: pointer;\">\r\n  \ud83d\udda8\ufe0f Print Agreemente\r\n<\/button>\t\t\t\t<\/div>\n\t\t\t\t<\/div>\n\t\t\t\t\t<\/div>\n\t\t\t\t<\/div>\n\t\t\t\t<\/div>\n\t\t","protected":false},"excerpt":{"rendered":"<p>Einmaliges Gesundheitscoaching: Coach-Klient-Vereinbarung Diese Coach-Klient-Vereinbarung (die \u201eVereinbarung\u201c) wird am geschlossen zwischen [Name des Coaches] (\u201eCoach\u201c) und [Name des Klienten] (&#8222;\u201eKlient\u201c). 1. Leistungsumfang 1.1 Der Coach verpflichtet sich, dem Klienten Gesundheitscoaching-Dienstleistungen bereitzustellen. Diese beinhalten pers\u00f6nliche Beratung, Zielsetzung, Evaluierung des Fortschritts sowie Empfehlungen in Bezug auf Ern\u00e4hrung, Lebensstil und allgemeine Wohlbefindenspraktiken.\u00a0 1.2 Der Coach verpflichtet sich, dem [&hellip;]<\/p>\n","protected":false},"author":1,"featured_media":0,"parent":0,"menu_order":0,"comment_status":"closed","ping_status":"closed","template":"","meta":{"_acf_changed":false,"footnotes":""},"class_list":["post-7741","page","type-page","status-publish","hentry"],"acf":[],"_links":{"self":[{"href":"https:\/\/www.nutrivial.com\/de\/wp-json\/wp\/v2\/pages\/7741","targetHints":{"allow":["GET"]}}],"collection":[{"href":"https:\/\/www.nutrivial.com\/de\/wp-json\/wp\/v2\/pages"}],"about":[{"href":"https:\/\/www.nutrivial.com\/de\/wp-json\/wp\/v2\/types\/page"}],"author":[{"embeddable":true,"href":"https:\/\/www.nutrivial.com\/de\/wp-json\/wp\/v2\/users\/1"}],"replies":[{"embeddable":true,"href":"https:\/\/www.nutrivial.com\/de\/wp-json\/wp\/v2\/comments?post=7741"}],"version-history":[{"count":22,"href":"https:\/\/www.nutrivial.com\/de\/wp-json\/wp\/v2\/pages\/7741\/revisions"}],"predecessor-version":[{"id":11049,"href":"https:\/\/www.nutrivial.com\/de\/wp-json\/wp\/v2\/pages\/7741\/revisions\/11049"}],"wp:attachment":[{"href":"https:\/\/www.nutrivial.com\/de\/wp-json\/wp\/v2\/media?parent=7741"}],"curies":[{"name":"wp","href":"https:\/\/api.w.org\/{rel}","templated":true}]}}