{"id":7254,"date":"2025-04-04T12:17:51","date_gmt":"2025-04-04T11:17:51","guid":{"rendered":"https:\/\/nutrivial.com\/?page_id=7254"},"modified":"2025-06-09T05:45:03","modified_gmt":"2025-06-09T04:45:03","slug":"thank-you","status":"publish","type":"page","link":"https:\/\/www.nutrivial.com\/de\/thank-you\/","title":{"rendered":"Thank You"},"content":{"rendered":"\t\t<div data-elementor-type=\"wp-page\" data-elementor-id=\"7254\" class=\"elementor elementor-7254 elementor-7218\" data-elementor-post-type=\"page\">\n\t\t\t\t<div class=\"elementor-element elementor-element-9c24679 e-flex e-con-boxed e-con e-parent\" data-id=\"9c24679\" data-element_type=\"container\">\n\t\t\t\t\t<div class=\"e-con-inner\">\n\t\t\t\t<div class=\"elementor-element elementor-element-9184c22 elementor-view-default elementor-widget elementor-widget-icon\" data-id=\"9184c22\" data-element_type=\"widget\" data-widget_type=\"icon.default\">\n\t\t\t\t<div class=\"elementor-widget-container\">\n\t\t\t\t\t\t\t<div class=\"elementor-icon-wrapper\">\n\t\t\t<div class=\"elementor-icon\">\n\t\t\t<svg aria-hidden=\"true\" class=\"e-font-icon-svg e-far-check-circle\" viewBox=\"0 0 512 512\" xmlns=\"http:\/\/www.w3.org\/2000\/svg\"><path d=\"M256 8C119.033 8 8 119.033 8 256s111.033 248 248 248 248-111.033 248-248S392.967 8 256 8zm0 48c110.532 0 200 89.451 200 200 0 110.532-89.451 200-200 200-110.532 0-200-89.451-200-200 0-110.532 89.451-200 200-200m140.204 130.267l-22.536-22.718c-4.667-4.705-12.265-4.736-16.97-.068L215.346 303.697l-59.792-60.277c-4.667-4.705-12.265-4.736-16.97-.069l-22.719 22.536c-4.705 4.667-4.736 12.265-.068 16.971l90.781 91.516c4.667 4.705 12.265 4.736 16.97.068l172.589-171.204c4.704-4.668 4.734-12.266.067-16.971z\"><\/path><\/svg>\t\t\t<\/div>\n\t\t<\/div>\n\t\t\t\t\t\t<\/div>\n\t\t\t\t<\/div>\n\t\t\t\t<div class=\"elementor-element elementor-element-41d7c12 elementor-widget elementor-widget-heading\" data-id=\"41d7c12\" data-element_type=\"widget\" data-widget_type=\"heading.default\">\n\t\t\t\t<div class=\"elementor-widget-container\">\n\t\t\t\t\t<h2 class=\"elementor-heading-title elementor-size-default\">Danke<\/h2>\t\t\t\t<\/div>\n\t\t\t\t<\/div>\n\t\t \t\t<div class=\"elementor-element elementor-element-1431750 elementor-widget elementor-widget-text-editor\" data-id=\"1431750\" data-element_type=\"widget\" data-widget_type=\"text-editor.default\">\n\t\t\t\t<div class=\"elementor-widget-container\">\n\t\t\t\t\t\t\t\t\t<p>Deine Termindetails wurden \u00fcbermittelt. Du erh\u00e4ltst in K\u00fcrze eine Best\u00e4tigungs-E-Mail.<\/p>\t\t\t\t\t\t\t\t<\/div>\n\t\t\t\t<\/div>\n\t\t\t\t\t<\/div>\n\t\t\t\t<\/div>\n\t\t\t\t<\/div>\n\t\t","protected":false},"excerpt":{"rendered":"<p>Danke Deine Termindetails wurden \u00fcbermittelt. Du erh\u00e4ltst in K\u00fcrze eine Best\u00e4tigungs-E-Mail.<\/p>\n","protected":false},"author":1,"featured_media":0,"parent":0,"menu_order":0,"comment_status":"closed","ping_status":"closed","template":"","meta":{"_acf_changed":false,"footnotes":""},"class_list":["post-7254","page","type-page","status-publish","hentry"],"acf":[],"_links":{"self":[{"href":"https:\/\/www.nutrivial.com\/de\/wp-json\/wp\/v2\/pages\/7254","targetHints":{"allow":["GET"]}}],"collection":[{"href":"https:\/\/www.nutrivial.com\/de\/wp-json\/wp\/v2\/pages"}],"about":[{"href":"https:\/\/www.nutrivial.com\/de\/wp-json\/wp\/v2\/types\/page"}],"author":[{"embeddable":true,"href":"https:\/\/www.nutrivial.com\/de\/wp-json\/wp\/v2\/users\/1"}],"replies":[{"embeddable":true,"href":"https:\/\/www.nutrivial.com\/de\/wp-json\/wp\/v2\/comments?post=7254"}],"version-history":[{"count":6,"href":"https:\/\/www.nutrivial.com\/de\/wp-json\/wp\/v2\/pages\/7254\/revisions"}],"predecessor-version":[{"id":10020,"href":"https:\/\/www.nutrivial.com\/de\/wp-json\/wp\/v2\/pages\/7254\/revisions\/10020"}],"wp:attachment":[{"href":"https:\/\/www.nutrivial.com\/de\/wp-json\/wp\/v2\/media?parent=7254"}],"curies":[{"name":"wp","href":"https:\/\/api.w.org\/{rel}","templated":true}]}}