{"id":7062,"date":"2025-04-01T10:41:07","date_gmt":"2025-04-01T09:41:07","guid":{"rendered":"https:\/\/nutrivial.com\/?page_id=7062"},"modified":"2025-04-01T12:02:04","modified_gmt":"2025-04-01T11:02:04","slug":"cookie-policy","status":"publish","type":"page","link":"https:\/\/www.nutrivial.com\/de\/cookie-policy\/","title":{"rendered":"Cookie Policy"},"content":{"rendered":"\t\t<div data-elementor-type=\"wp-page\" data-elementor-id=\"7062\" class=\"elementor elementor-7062 elementor-7045\" data-elementor-post-type=\"page\">\n\t\t\t\t<div class=\"elementor-element elementor-element-18acc06 e-flex e-con-boxed e-con e-parent\" data-id=\"18acc06\" data-element_type=\"container\">\n\t\t\t\t\t<div class=\"e-con-inner\">\n\t\t\t\t<div class=\"elementor-element elementor-element-0bf9494 elementor-widget elementor-widget-heading\" data-id=\"0bf9494\" data-element_type=\"widget\" data-widget_type=\"heading.default\">\n\t\t\t\t<div class=\"elementor-widget-container\">\n\t\t\t\t\t<h2 class=\"elementor-heading-title elementor-size-default\">Cookies-Richtlinie <\/h2>\t\t\t\t<\/div>\n\t\t\t\t<\/div>\n\t\t \t\t<div class=\"elementor-element elementor-element-bfc420b elementor-widget elementor-widget-text-editor\" data-id=\"bfc420b\" data-element_type=\"widget\" data-widget_type=\"text-editor.default\">\n\t\t\t\t<div class=\"elementor-widget-container\">\n\t\t\t\t\t\t\t\t\t<p><b><span data-contrast=\"none\">Letzte Aktualisierung:<\/span><\/b><span data-contrast=\"none\">\u202f02.03.2025<\/span><span data-ccp-props=\"{&quot;134233117&quot;:true,&quot;134233118&quot;:true}\">\u00a0<\/span><\/p><p><span data-contrast=\"none\">Diese Cookies-Richtlinie erkl\u00e4rt, was Cookies sind, welche Arten von Cookies auf\u202f<\/span><a href=\"https:\/\/www.nutrivial.com\/\"><span data-contrast=\"none\">https:\/\/www.nutrivial.com<\/span><\/a> <span data-contrast=\"none\">verwendet werden, wof\u00fcr sie eingesetzt werden und wie Sie Ihre Cookie-Einstellungen verwalten k\u00f6nnen.<\/span><span data-ccp-props=\"{&quot;134233117&quot;:true,&quot;134233118&quot;:true}\">\u00a0<\/span><\/p><p><span data-contrast=\"none\">Durch die Nutzung unserer Website stimmen Sie der Verwendung von Cookies gem\u00e4\u00df dieser Richtlinie zu, sofern Sie dem nicht widersprechen.<\/span><span data-ccp-props=\"{&quot;134233117&quot;:true,&quot;134233118&quot;:true}\">\u00a0<\/span><\/p>\t\t\t\t\t\t\t\t<\/div>\n\t\t\t\t<\/div>\n\t\t\t\t<div class=\"elementor-element elementor-element-f8f3025 elementor-widget elementor-widget-heading\" data-id=\"f8f3025\" data-element_type=\"widget\" data-widget_type=\"heading.default\">\n\t\t\t\t<div class=\"elementor-widget-container\">\n\t\t\t\t\t<h4 class=\"elementor-heading-title elementor-size-default\">1. Was sind Cookies? <\/h4>\t\t\t\t<\/div>\n\t\t\t\t<\/div>\n\t\t\t\t<div class=\"elementor-element elementor-element-4c03e72 elementor-widget elementor-widget-text-editor\" data-id=\"4c03e72\" data-element_type=\"widget\" data-widget_type=\"text-editor.default\">\n\t\t\t\t<div class=\"elementor-widget-container\">\n\t\t\t\t\t\t\t\t\t<p><span data-contrast=\"none\">Cookies sind kleine Textdateien, die von Websites auf Ihrem Ger\u00e4t (Computer, Smartphone etc.) gespeichert werden, wenn Sie diese besuchen. Cookies erm\u00f6glichen es einer Website, Ihr Ger\u00e4t zu erkennen und Informationen \u00fcber Ihre Einstellungen oder fr\u00fchere Aktionen zu speichern.<\/span><span data-ccp-props=\"{&quot;134233117&quot;:true,&quot;134233118&quot;:true}\">\u00a0<\/span><\/p><p><span data-contrast=\"none\">Cookies erf\u00fcllen verschiedene Zwecke, z.<\/span><span data-contrast=\"none\">\u202f<\/span><span data-contrast=\"none\">B. die Funktionalit\u00e4t der Website sicherzustellen, Analysen durchzuf\u00fchren oder Inhalte zu personalisieren.<\/span><span data-ccp-props=\"{&quot;134233117&quot;:true,&quot;134233118&quot;:true}\">\u00a0<\/span><\/p>\t\t\t\t\t\t\t\t<\/div>\n\t\t\t\t<\/div>\n\t\t\t\t<div class=\"elementor-element elementor-element-a959c0b elementor-widget elementor-widget-heading\" data-id=\"a959c0b\" data-element_type=\"widget\" data-widget_type=\"heading.default\">\n\t\t\t\t<div class=\"elementor-widget-container\">\n\t\t\t\t\t<h4 class=\"elementor-heading-title elementor-size-default\">2. Welche Arten von Cookies verwenden wir? <\/h4>\t\t\t\t<\/div>\n\t\t\t\t<\/div>\n\t\t\t\t<div class=\"elementor-element elementor-element-b465d1d elementor-widget elementor-widget-text-editor\" data-id=\"b465d1d\" data-element_type=\"widget\" data-widget_type=\"text-editor.default\">\n\t\t\t\t<div class=\"elementor-widget-container\">\n\t\t\t\t\t\t\t\t\t<p><span class=\"TextRun SCXW225125087 BCX0\" data-contrast=\"none\"><span class=\"NormalTextRun SCXW225125087 BCX0\">Wir verwenden folgende Arten von Cookies auf unserer Website:<\/span><\/span><span class=\"EOP SCXW225125087 BCX0\" data-ccp-props=\"{&quot;134233117&quot;:true,&quot;134233118&quot;:true}\">\u00a0<\/span><\/p><p><span class=\"TextRun SCXW135714544 BCX0\" data-contrast=\"none\"><span class=\"NormalTextRun SCXW135714544 BCX0\" data-ccp-charstyle=\"Strong\">a. Notwendige (technisch erforderliche) Cookies<\/span><\/span><span class=\"EOP SCXW135714544 BCX0\" data-ccp-props=\"{&quot;134245418&quot;:true,&quot;134245529&quot;:true,&quot;335559738&quot;:160,&quot;335559739&quot;:80}\">\u00a0<\/span><\/p><p><span data-contrast=\"none\">Diese Cookies sind f\u00fcr den Betrieb unserer Website unerl\u00e4sslich. Sie erm\u00f6glichen z.<\/span><span data-contrast=\"none\">\u202f<\/span><span data-contrast=\"none\">B. die Navigation auf der Seite, den Zugriff auf sichere Bereiche oder das Speichern Ihrer Cookie-Einstellungen.<\/span><span data-ccp-props=\"{&quot;134233117&quot;:true,&quot;134233118&quot;:true}\">\u00a0<\/span><\/p><p><b><span data-contrast=\"none\">Beispiel:<\/span><\/b><span data-contrast=\"none\">\u202fCookie-Zustimmung speichern<\/span><span data-ccp-props=\"{&quot;134233117&quot;:true,&quot;134233118&quot;:true}\">\u00a0<\/span><\/p><p><span class=\"TextRun SCXW119018574 BCX0\" data-contrast=\"none\"><span class=\"NormalTextRun SCXW119018574 BCX0\" data-ccp-charstyle=\"Strong\">b. Funktionale Cookies<\/span><\/span><span class=\"EOP SCXW119018574 BCX0\" data-ccp-props=\"{&quot;134245418&quot;:true,&quot;134245529&quot;:true,&quot;335559738&quot;:160,&quot;335559739&quot;:80}\">\u00a0<\/span><\/p><p><span data-contrast=\"none\">Diese Cookies erm\u00f6glichen es, erweiterte Funktionen und Personalisierungen bereitzustellen, z.<\/span><span data-contrast=\"none\">\u202f<\/span><span data-contrast=\"none\">B. die Speicherung von Spracheinstellungen oder Formularinhalten.<\/span><span data-ccp-props=\"{&quot;134233117&quot;:true,&quot;134233118&quot;:true}\">\u00a0<\/span><\/p><p><b><span data-contrast=\"none\">Beispiel:<\/span><\/b><span data-contrast=\"none\">\u202fVorher eingegebene Formulardaten merken<\/span><span data-ccp-props=\"{&quot;134233117&quot;:true,&quot;134233118&quot;:true}\">\u00a0<\/span><\/p><p><b><span data-contrast=\"none\">Example:<\/span><\/b><span data-contrast=\"none\">\u202fRemembering form entries<\/span><\/p><p><span class=\"TextRun SCXW96890352 BCX0\" data-contrast=\"none\"><span class=\"NormalTextRun SCXW96890352 BCX0\" data-ccp-charstyle=\"Strong\">c. Analytische Cookies<\/span><\/span><span class=\"EOP SCXW96890352 BCX0\" data-ccp-props=\"{&quot;134245418&quot;:true,&quot;134245529&quot;:true,&quot;335559738&quot;:160,&quot;335559739&quot;:80}\">\u00a0<\/span><\/p><p><span data-contrast=\"none\">Diese Cookies helfen uns, die Nutzung unserer Website zu verstehen und zu verbessern. Sie erfassen anonymisierte Informationen dar\u00fcber, wie Besucher mit der Seite interagieren (z.<\/span><span data-contrast=\"none\">\u202f<\/span><span data-contrast=\"none\">B. welche Seiten am h\u00e4ufigsten aufgerufen werden).<\/span><span data-ccp-props=\"{&quot;134233117&quot;:true,&quot;134233118&quot;:true}\">\u00a0<\/span><\/p><p><b><span data-contrast=\"none\">Beispiel:<\/span><\/b>\u00a0<br \/><b><span data-contrast=\"none\">Google Analytics<\/span><\/b><span data-contrast=\"none\">\u202f\u2013 Wir verwenden Google Analytics mit IP-Anonymisierung, um aggregierte Nutzungsstatistiken zu erfassen. Weitere Informationen finden Sie in der\u202f<\/span><a href=\"https:\/\/policies.google.com\/privacy\"><span data-contrast=\"none\">Google-Datenschutzerkl\u00e4rung<\/span><\/a><span data-contrast=\"none\">.<\/span>\u00a0<br \/><span data-contrast=\"none\">Opt-out:\u202f<\/span><a href=\"https:\/\/tools.google.com\/dlpage\/gaoptout\"><span data-contrast=\"none\">Google Analytics deaktivieren<\/span><\/a><span data-ccp-props=\"{&quot;134233117&quot;:true,&quot;134233118&quot;:true}\">\u00a0<\/span><\/p><p><span class=\"TextRun SCXW228032109 BCX0\" data-contrast=\"none\"><span class=\"NormalTextRun SCXW228032109 BCX0\" data-ccp-charstyle=\"Strong\">d. Marketing- und Drittanbieter-Cookies<\/span><\/span><span class=\"EOP SCXW228032109 BCX0\" data-ccp-props=\"{&quot;134245418&quot;:true,&quot;134245529&quot;:true,&quot;335559738&quot;:160,&quot;335559739&quot;:80}\">\u00a0<\/span><\/p><p><span data-contrast=\"none\">Diese Cookies stammen von externen Diensten (z.<\/span><span data-contrast=\"none\">\u202f<\/span><span data-contrast=\"none\">B. YouTube, Facebook, Instagram) und k\u00f6nnen verwendet werden, um Inhalte einzubetten oder gezielte Werbung zu erm\u00f6glichen. Sie k\u00f6nnen Ihr Verhalten auf mehreren Websites verfolgen.<\/span><span data-ccp-props=\"{&quot;134233117&quot;:true,&quot;134233118&quot;:true}\">\u00a0<\/span><\/p><p><b><span data-contrast=\"none\">Beispiel:<\/span><\/b>\u00a0<\/p><p><span class=\"TextRun SCXW79689880 BCX0\" data-contrast=\"none\"><span class=\"NormalTextRun SCXW79689880 BCX0\">\u2022 YouTube-Videos<\/span><\/span><span class=\"LineBreakBlob BlobObject DragDrop SCXW79689880 BCX0\"><span class=\"SCXW79689880 BCX0\">\u00a0<\/span><br class=\"SCXW79689880 BCX0\" \/><\/span><span class=\"TextRun SCXW79689880 BCX0\" data-contrast=\"none\"><span class=\"NormalTextRun SCXW79689880 BCX0\">\u2022 Social-Media-Schaltfl\u00e4chen<\/span><\/span><span class=\"LineBreakBlob BlobObject DragDrop SCXW79689880 BCX0\"><span class=\"SCXW79689880 BCX0\">\u00a0<\/span><br class=\"SCXW79689880 BCX0\" \/><\/span><span class=\"TextRun SCXW79689880 BCX0\" data-contrast=\"none\"><span class=\"NormalTextRun SCXW79689880 BCX0\">\u2022 Eingebettete Inhalte von Drittanbietern<\/span><\/span><span class=\"EOP SCXW79689880 BCX0\" data-ccp-props=\"{&quot;134233117&quot;:true,&quot;134233118&quot;:true}\">\u00a0<\/span><\/p>\t\t\t\t\t\t\t\t<\/div>\n\t\t\t\t<\/div>\n\t\t\t\t<div class=\"elementor-element elementor-element-da1e8fe elementor-widget elementor-widget-heading\" data-id=\"da1e8fe\" data-element_type=\"widget\" data-widget_type=\"heading.default\">\n\t\t\t\t<div class=\"elementor-widget-container\">\n\t\t\t\t\t<h4 class=\"elementor-heading-title elementor-size-default\">3. Cookie-Banner und Einwilligung <\/h4>\t\t\t\t<\/div>\n\t\t\t\t<\/div>\n\t\t\t\t<div class=\"elementor-element elementor-element-bafbd3e elementor-widget elementor-widget-text-editor\" data-id=\"bafbd3e\" data-element_type=\"widget\" data-widget_type=\"text-editor.default\">\n\t\t\t\t<div class=\"elementor-widget-container\">\n\t\t\t\t\t\t\t\t\t<p><span class=\"TextRun SCXW90337908 BCX0\" data-contrast=\"none\"><span class=\"NormalTextRun SCXW90337908 BCX0\">Beim ersten Besuch unserer Website sehen Sie ein Cookie-Banner. Dort k\u00f6nnen Sie:<\/span><\/span><span class=\"EOP SCXW90337908 BCX0\" data-ccp-props=\"{&quot;134233117&quot;:true,&quot;134233118&quot;:true}\">\u00a0<\/span><\/p><ul><li data-leveltext=\"\uf0b7\" data-font=\"Symbol\" data-listid=\"6\" data-list-defn-props=\"{&quot;335552541&quot;:1,&quot;335559685&quot;:720,&quot;335559991&quot;:360,&quot;469769226&quot;:&quot;Symbol&quot;,&quot;469769242&quot;:[8226],&quot;469777803&quot;:&quot;left&quot;,&quot;469777804&quot;:&quot;\uf0b7&quot;,&quot;469777815&quot;:&quot;multilevel&quot;}\" aria-setsize=\"-1\" data-aria-posinset=\"1\" data-aria-level=\"1\"><b><span data-contrast=\"none\">Alle Cookies akzeptieren<\/span><\/b><span data-ccp-props=\"{&quot;134233117&quot;:true,&quot;134233118&quot;:true,&quot;201341983&quot;:0,&quot;335559740&quot;:240}\">\u00a0<\/span><\/li><\/ul><ul><li data-leveltext=\"\uf0b7\" data-font=\"Symbol\" data-listid=\"6\" data-list-defn-props=\"{&quot;335552541&quot;:1,&quot;335559685&quot;:720,&quot;335559991&quot;:360,&quot;469769226&quot;:&quot;Symbol&quot;,&quot;469769242&quot;:[8226],&quot;469777803&quot;:&quot;left&quot;,&quot;469777804&quot;:&quot;\uf0b7&quot;,&quot;469777815&quot;:&quot;multilevel&quot;}\" aria-setsize=\"-1\" data-aria-posinset=\"2\" data-aria-level=\"1\"><b><span data-contrast=\"none\">Nur notwendige Cookies zulassen<\/span><\/b><span data-ccp-props=\"{&quot;134233117&quot;:true,&quot;134233118&quot;:true,&quot;201341983&quot;:0,&quot;335559740&quot;:240}\">\u00a0<\/span><\/li><\/ul><ul><li data-leveltext=\"\uf0b7\" data-font=\"Symbol\" data-listid=\"6\" data-list-defn-props=\"{&quot;335552541&quot;:1,&quot;335559685&quot;:720,&quot;335559991&quot;:360,&quot;469769226&quot;:&quot;Symbol&quot;,&quot;469769242&quot;:[8226],&quot;469777803&quot;:&quot;left&quot;,&quot;469777804&quot;:&quot;\uf0b7&quot;,&quot;469777815&quot;:&quot;multilevel&quot;}\" aria-setsize=\"-1\" data-aria-posinset=\"3\" data-aria-level=\"1\"><b><span data-contrast=\"none\">Individuelle Einstellungen vornehmen<\/span><\/b><\/li><\/ul><p><span class=\"TextRun SCXW149839198 BCX0\" data-contrast=\"none\"><span class=\"NormalTextRun SCXW149839198 BCX0\">Ihre Auswahl wird in einem technisch erforderlichen Cookie gespeichert. Sie k\u00f6nnen Ihre Entscheidung jederzeit \u00e4ndern, indem Sie auf den Link<\/span><span class=\"NormalTextRun SCXW149839198 BCX0\" data-ccp-charstyle=\"apple-converted-space\" data-ccp-charstyle-defn=\"{&quot;ObjectId&quot;:&quot;b2b03fb0-007d-4673-8adf-e2fc7a854cff|143&quot;,&quot;ClassId&quot;:1073872969,&quot;Properties&quot;:[201342446,&quot;1&quot;,201342447,&quot;5&quot;,201342448,&quot;1&quot;,201342449,&quot;1&quot;,469777841,&quot;Aptos&quot;,469777842,&quot;&quot;,469777843,&quot;Aptos&quot;,469777844,&quot;Aptos&quot;,201341986,&quot;1&quot;,469769226,&quot;Aptos&quot;,268442635,&quot;24&quot;,469775450,&quot;apple-converted-space&quot;,201340122,&quot;1&quot;,134233614,&quot;true&quot;,469778129,&quot;apple-converted-space&quot;,335572020,&quot;1&quot;,469778324,&quot;Default Paragraph Font&quot;]}\">\u202f<\/span><\/span><span class=\"TextRun SCXW149839198 BCX0\" data-contrast=\"none\"><span class=\"NormalTextRun SCXW149839198 BCX0\" data-ccp-charstyle=\"Strong\">\u201eCookie-Einstellungen\u201c<\/span><\/span><span class=\"TextRun SCXW149839198 BCX0\" data-contrast=\"none\"><span class=\"NormalTextRun SCXW149839198 BCX0\" data-ccp-charstyle=\"apple-converted-space\">\u202f<\/span><span class=\"NormalTextRun SCXW149839198 BCX0\">am Seitenende klicken.<\/span><\/span><span class=\"EOP SCXW149839198 BCX0\" data-ccp-props=\"{&quot;134233117&quot;:true,&quot;134233118&quot;:true}\">\u00a0<\/span><\/p>\t\t\t\t\t\t\t\t<\/div>\n\t\t\t\t<\/div>\n\t\t\t\t<div class=\"elementor-element elementor-element-4b30be6 elementor-widget elementor-widget-heading\" data-id=\"4b30be6\" data-element_type=\"widget\" data-widget_type=\"heading.default\">\n\t\t\t\t<div class=\"elementor-widget-container\">\n\t\t\t\t\t<h4 class=\"elementor-heading-title elementor-size-default\">4. Cookies verwalten oder deaktivieren <\/h4>\t\t\t\t<\/div>\n\t\t\t\t<\/div>\n\t\t\t\t<div class=\"elementor-element elementor-element-3ac04a6 elementor-widget elementor-widget-text-editor\" data-id=\"3ac04a6\" data-element_type=\"widget\" data-widget_type=\"text-editor.default\">\n\t\t\t\t<div class=\"elementor-widget-container\">\n\t\t\t\t\t\t\t\t\t<p><span data-contrast=\"none\">Sie k\u00f6nnen Cookies auch direkt \u00fcber die Einstellungen Ihres Browsers verwalten. Die meisten Browser erlauben es, Cookies zu blockieren oder zu l\u00f6schen. Beachten Sie bitte, dass dadurch die Funktionalit\u00e4t der Website eingeschr\u00e4nkt sein kann.<\/span><span data-ccp-props=\"{&quot;134233117&quot;:true,&quot;134233118&quot;:true}\">\u00a0<\/span><\/p><p><span data-contrast=\"none\">Anleitungen f\u00fcr g\u00e4ngige Browser:<\/span><span data-ccp-props=\"{&quot;134233117&quot;:true,&quot;134233118&quot;:true}\">\u00a0<\/span><\/p><ul><li data-leveltext=\"\uf0b7\" data-font=\"Symbol\" data-listid=\"7\" data-list-defn-props=\"{&quot;335552541&quot;:1,&quot;335559685&quot;:720,&quot;335559991&quot;:360,&quot;469769226&quot;:&quot;Symbol&quot;,&quot;469769242&quot;:[8226],&quot;469777803&quot;:&quot;left&quot;,&quot;469777804&quot;:&quot;\uf0b7&quot;,&quot;469777815&quot;:&quot;multilevel&quot;}\" aria-setsize=\"-1\" data-aria-posinset=\"1\" data-aria-level=\"1\"><a href=\"https:\/\/support.google.com\/chrome\/answer\/95647?hl=de\"><span data-contrast=\"none\">Google Chrome<\/span><\/a><span data-ccp-props=\"{&quot;134233117&quot;:true,&quot;134233118&quot;:true,&quot;201341983&quot;:0,&quot;335559740&quot;:240}\">\u00a0<\/span><\/li><\/ul><ul><li data-leveltext=\"\uf0b7\" data-font=\"Symbol\" data-listid=\"7\" data-list-defn-props=\"{&quot;335552541&quot;:1,&quot;335559685&quot;:720,&quot;335559991&quot;:360,&quot;469769226&quot;:&quot;Symbol&quot;,&quot;469769242&quot;:[8226],&quot;469777803&quot;:&quot;left&quot;,&quot;469777804&quot;:&quot;\uf0b7&quot;,&quot;469777815&quot;:&quot;multilevel&quot;}\" aria-setsize=\"-1\" data-aria-posinset=\"2\" data-aria-level=\"1\"><a href=\"https:\/\/support.mozilla.org\/de\/kb\/cookies-und-website-daten-in-firefox-loschen\"><span data-contrast=\"none\">Mozilla Firefox<\/span><\/a><span data-ccp-props=\"{&quot;134233117&quot;:true,&quot;134233118&quot;:true,&quot;201341983&quot;:0,&quot;335559740&quot;:240}\">\u00a0<\/span><\/li><\/ul><ul><li data-leveltext=\"\uf0b7\" data-font=\"Symbol\" data-listid=\"7\" data-list-defn-props=\"{&quot;335552541&quot;:1,&quot;335559685&quot;:720,&quot;335559991&quot;:360,&quot;469769226&quot;:&quot;Symbol&quot;,&quot;469769242&quot;:[8226],&quot;469777803&quot;:&quot;left&quot;,&quot;469777804&quot;:&quot;\uf0b7&quot;,&quot;469777815&quot;:&quot;multilevel&quot;}\" aria-setsize=\"-1\" data-aria-posinset=\"3\" data-aria-level=\"1\"><a href=\"https:\/\/support.apple.com\/de-de\/guide\/safari\/sfri11471\/mac\"><span data-contrast=\"none\">Apple Safari<\/span><\/a><span data-ccp-props=\"{&quot;134233117&quot;:true,&quot;134233118&quot;:true,&quot;201341983&quot;:0,&quot;335559740&quot;:240}\">\u00a0<\/span><\/li><\/ul><ul><li data-leveltext=\"\uf0b7\" data-font=\"Symbol\" data-listid=\"7\" data-list-defn-props=\"{&quot;335552541&quot;:1,&quot;335559685&quot;:720,&quot;335559991&quot;:360,&quot;469769226&quot;:&quot;Symbol&quot;,&quot;469769242&quot;:[8226],&quot;469777803&quot;:&quot;left&quot;,&quot;469777804&quot;:&quot;\uf0b7&quot;,&quot;469777815&quot;:&quot;multilevel&quot;}\" aria-setsize=\"-1\" data-aria-posinset=\"4\" data-aria-level=\"1\"><a href=\"https:\/\/support.microsoft.com\/de-de\/help\/4468242\/microsoft-edge-browsing-data-and-privacy\"><span data-contrast=\"none\">Microsoft Edge<\/span><\/a><span data-ccp-props=\"{&quot;134233117&quot;:true,&quot;134233118&quot;:true,&quot;201341983&quot;:0,&quot;335559740&quot;:240}\">\u00a0<\/span><\/li><\/ul>\t\t\t\t\t\t\t\t<\/div>\n\t\t\t\t<\/div>\n\t\t\t\t<div class=\"elementor-element elementor-element-ae1a5d0 elementor-widget elementor-widget-heading\" data-id=\"ae1a5d0\" data-element_type=\"widget\" data-widget_type=\"heading.default\">\n\t\t\t\t<div class=\"elementor-widget-container\">\n\t\t\t\t\t<h4 class=\"elementor-heading-title elementor-size-default\">5. \u00c4nderungen dieser Cookies-Richtlinie <\/h4>\t\t\t\t<\/div>\n\t\t\t\t<\/div>\n\t\t\t\t<div class=\"elementor-element elementor-element-4607d3c elementor-widget elementor-widget-text-editor\" data-id=\"4607d3c\" data-element_type=\"widget\" data-widget_type=\"text-editor.default\">\n\t\t\t\t<div class=\"elementor-widget-container\">\n\t\t\t\t\t\t\t\t\t<p><span class=\"TextRun SCXW22545720 BCX0\" data-contrast=\"none\"><span class=\"NormalTextRun SCXW22545720 BCX0\">Wir behalten uns das Recht vor, diese Richtlinie jederzeit zu \u00e4ndern, insbesondere bei technischen \u00c4nderungen oder rechtlichen Anpassungen. \u00c4nderungen werden auf dieser Seite ver\u00f6ffentlicht. Bitte pr\u00fcfen Sie sie regelm\u00e4\u00dfig.<\/span><\/span><span class=\"EOP SCXW22545720 BCX0\" data-ccp-props=\"{&quot;134233117&quot;:true,&quot;134233118&quot;:true}\">\u00a0<\/span><\/p>\t\t\t\t\t\t\t\t<\/div>\n\t\t\t\t<\/div>\n\t\t\t\t<div class=\"elementor-element elementor-element-ee0fe7e elementor-widget elementor-widget-heading\" data-id=\"ee0fe7e\" data-element_type=\"widget\" data-widget_type=\"heading.default\">\n\t\t\t\t<div class=\"elementor-widget-container\">\n\t\t\t\t\t<h4 class=\"elementor-heading-title elementor-size-default\">Kontakt <\/h4>\t\t\t\t<\/div>\n\t\t\t\t<\/div>\n\t\t\t\t<div class=\"elementor-element elementor-element-e5b2bac elementor-widget elementor-widget-text-editor\" data-id=\"e5b2bac\" data-element_type=\"widget\" data-widget_type=\"text-editor.default\">\n\t\t\t\t<div class=\"elementor-widget-container\">\n\t\t\t\t\t\t\t\t\t<p><span data-contrast=\"none\">Bei Fragen zu dieser Cookies-Richtlinie oder zur Verwendung von Cookies auf unserer Website wenden Sie sich bitte an:<\/span><span data-ccp-props=\"{&quot;134233117&quot;:true,&quot;134233118&quot;:true}\">\u00a0<\/span><\/p><p><b><span data-contrast=\"none\">Nutrivial.com<\/span><\/b>\u00a0<br \/><span data-contrast=\"none\">E-Mail:\u202f<\/span><b><span data-contrast=\"none\">health@nutrivial.com<\/span><\/b><span data-ccp-props=\"{&quot;134233117&quot;:true,&quot;134233118&quot;:true}\">\u00a0<\/span><\/p>\t\t\t\t\t\t\t\t<\/div>\n\t\t\t\t<\/div>\n\t\t\t\t\t<\/div>\n\t\t\t\t<\/div>\n\t\t\t\t<\/div>\n\t\t","protected":false},"excerpt":{"rendered":"<p>Cookies-Richtlinie Letzte Aktualisierung:\u202f02.03.2025\u00a0 Diese Cookies-Richtlinie erkl\u00e4rt, was Cookies sind, welche Arten von Cookies auf\u202fhttps:\/\/www.nutrivial.com verwendet werden, wof\u00fcr sie eingesetzt werden und wie Sie Ihre Cookie-Einstellungen verwalten k\u00f6nnen.\u00a0 Durch die Nutzung unserer Website stimmen Sie der Verwendung von Cookies gem\u00e4\u00df dieser Richtlinie zu, sofern Sie dem nicht widersprechen.\u00a0 1. Was sind Cookies? Cookies sind kleine Textdateien, [&hellip;]<\/p>\n","protected":false},"author":1,"featured_media":0,"parent":0,"menu_order":0,"comment_status":"closed","ping_status":"closed","template":"","meta":{"_acf_changed":false,"footnotes":""},"class_list":["post-7062","page","type-page","status-publish","hentry"],"acf":[],"_links":{"self":[{"href":"https:\/\/www.nutrivial.com\/de\/wp-json\/wp\/v2\/pages\/7062","targetHints":{"allow":["GET"]}}],"collection":[{"href":"https:\/\/www.nutrivial.com\/de\/wp-json\/wp\/v2\/pages"}],"about":[{"href":"https:\/\/www.nutrivial.com\/de\/wp-json\/wp\/v2\/types\/page"}],"author":[{"embeddable":true,"href":"https:\/\/www.nutrivial.com\/de\/wp-json\/wp\/v2\/users\/1"}],"replies":[{"embeddable":true,"href":"https:\/\/www.nutrivial.com\/de\/wp-json\/wp\/v2\/comments?post=7062"}],"version-history":[{"count":4,"href":"https:\/\/www.nutrivial.com\/de\/wp-json\/wp\/v2\/pages\/7062\/revisions"}],"predecessor-version":[{"id":7067,"href":"https:\/\/www.nutrivial.com\/de\/wp-json\/wp\/v2\/pages\/7062\/revisions\/7067"}],"wp:attachment":[{"href":"https:\/\/www.nutrivial.com\/de\/wp-json\/wp\/v2\/media?parent=7062"}],"curies":[{"name":"wp","href":"https:\/\/api.w.org\/{rel}","templated":true}]}}