{"id":6024,"date":"2024-12-23T07:37:45","date_gmt":"2024-12-23T06:37:45","guid":{"rendered":"https:\/\/nutrivial.com\/?page_id=6024"},"modified":"2025-09-11T12:11:56","modified_gmt":"2025-09-11T10:11:56","slug":"geschaeftsbedingungen","status":"publish","type":"page","link":"https:\/\/www.nutrivial.com\/de\/geschaeftsbedingungen\/","title":{"rendered":"Gesch\u00e4ftsbedingungen"},"content":{"rendered":"\t\t<div data-elementor-type=\"wp-page\" data-elementor-id=\"6024\" class=\"elementor elementor-6024 elementor-5707\" data-elementor-post-type=\"page\">\n\t\t\t\t<div class=\"elementor-element elementor-element-6f1bd27 e-flex e-con-boxed e-con e-parent\" data-id=\"6f1bd27\" data-element_type=\"container\">\n\t\t\t\t\t<div class=\"e-con-inner\">\n\t\t\t\t<div class=\"elementor-element elementor-element-f220119 elementor-widget elementor-widget-heading\" data-id=\"f220119\" data-element_type=\"widget\" data-widget_type=\"heading.default\">\n\t\t\t\t<div class=\"elementor-widget-container\">\n\t\t\t\t\t<h2 class=\"elementor-heading-title elementor-size-default\">Nutrivial Allgemeine Gesch\u00e4ftsbedingungen und rechtliche Vereinbarung\n<\/h2>\t\t\t\t<\/div>\n\t\t\t\t<\/div>\n\t\t\t\t<div class=\"elementor-element elementor-element-a35a9c7 elementor-widget elementor-widget-heading\" data-id=\"a35a9c7\" data-element_type=\"widget\" data-widget_type=\"heading.default\">\n\t\t\t\t<div class=\"elementor-widget-container\">\n\t\t\t\t\t<h5 class=\"elementor-heading-title elementor-size-default\">Haftungsausschluss und Gesundheitsbest\u00e4tigung\n<\/h5>\t\t\t\t<\/div>\n\t\t\t\t<\/div>\n\t\t \t\t<div class=\"elementor-element elementor-element-8f5c15b elementor-widget elementor-widget-text-editor\" data-id=\"8f5c15b\" data-element_type=\"widget\" data-widget_type=\"text-editor.default\">\n\t\t\t\t<div class=\"elementor-widget-container\">\n\t\t\t\t\t\t\t\t\t<p>Durch die Nutzung der von Nutrivial bereitgestellten Dienste, Ressourcen und Informationen \u2013 einschlie\u00dflich, aber nicht beschr\u00e4nkt auf Einzelcoaching, Beratungsgespr\u00e4che, Gesundheits- und Ern\u00e4hrungsprogramme, Blogbeitr\u00e4ge, E-Books und die N\u00e4hrstoffanalyse \u2013 erkenne ich an und stimme zu, Nutrivial sowie seine Berater, leitenden Angestellten, Vertreter und Mitarbeiter von jeglicher Verantwortung, Haftung, Kosten und Aufwendungen freizustellen und dauerhaft freizustellen. Dies gilt auch f\u00fcr Verletzungen, Sch\u00e4den oder Erkrankungen, ob vorhersehbar oder nicht, die sich aus meiner Teilnahme an von Nutrivial entwickelten oder angebotenen Aktivit\u00e4ten, Trainings, Programmen oder Produkten ergeben.<\/p><p>Ich verstehe und bin mir meiner eigenen Gesundheit und k\u00f6rperlichen Verfassung sowie der potenziellen Risiken bewusst, die mit der Teilnahme an Di\u00e4t- oder Trainingsprogrammen verbunden sind. Durch die freiwillige Teilnahme an diesen Aktivit\u00e4ten \u00fcbernehme ich die volle Verantwortung f\u00fcr alle damit verbundenen Risiken.<\/p>\t\t\t\t\t\t\t\t<\/div>\n\t\t\t\t<\/div>\n\t\t\t\t<div class=\"elementor-element elementor-element-7ad384a elementor-widget elementor-widget-heading\" data-id=\"7ad384a\" data-element_type=\"widget\" data-widget_type=\"heading.default\">\n\t\t\t\t<div class=\"elementor-widget-container\">\n\t\t\t\t\t<h5 class=\"elementor-heading-title elementor-size-default\">Medizinischer Verzicht und Anerkennung\n<\/h5>\t\t\t\t<\/div>\n\t\t\t\t<\/div>\n\t\t\t\t<div class=\"elementor-element elementor-element-897202f elementor-widget elementor-widget-text-editor\" data-id=\"897202f\" data-element_type=\"widget\" data-widget_type=\"text-editor.default\">\n\t\t\t\t<div class=\"elementor-widget-container\">\n\t\t\t\t\t\t\t\t\t<p>Ich verstehe, dass Nutrivial und seine Mitarbeiter keine \u00c4rzte oder Psychologen sind und dass ihre Beratungsleistungen weder die Diagnose noch die Behandlung spezifischer Krankheiten oder St\u00f6rungen umfassen. Sollte ich den Verdacht haben, an einer Krankheit oder einem Leiden zu leiden, das \u00e4rztlicher Behandlung bedarf, verpflichte ich mich, umgehend einen zugelassenen Arzt aufzusuchen. Ich bin mir bewusst, dass nur ein zugelassener Arzt Medikamente verschreiben darf und dass die Erw\u00e4hnung von Medikamenten w\u00e4hrend der Konsultation ausschlie\u00dflich dem Zweck dient, eine umfassende Anamnese meiner Medikamente zu erstellen. Ich verstehe, dass \u00c4nderungen meiner Rezepte oder Dosierungen Entscheidungen sind, die ich in Absprache mit meinem Arzt treffe.<\/p>\t\t\t\t\t\t\t\t<\/div>\n\t\t\t\t<\/div>\n\t\t\t\t<div class=\"elementor-element elementor-element-ef61e43 elementor-widget elementor-widget-heading\" data-id=\"ef61e43\" data-element_type=\"widget\" data-widget_type=\"heading.default\">\n\t\t\t\t<div class=\"elementor-widget-container\">\n\t\t\t\t\t<h5 class=\"elementor-heading-title elementor-size-default\">Haftungsausschluss f\u00fcr Essst\u00f6rungen\n<\/h5>\t\t\t\t<\/div>\n\t\t\t\t<\/div>\n\t\t\t\t<div class=\"elementor-element elementor-element-c294674 elementor-widget elementor-widget-text-editor\" data-id=\"c294674\" data-element_type=\"widget\" data-widget_type=\"text-editor.default\">\n\t\t\t\t<div class=\"elementor-widget-container\">\n\t\t\t\t\t\t\t\t\t<p>Ich best\u00e4tige, dass ich weder an einer Essst\u00f6rung noch an einer anderen Erkrankung leide, die meine F\u00e4higkeit zur sicheren Teilnahme an einer Di\u00e4t oder einem Trainingsprogramm beeintr\u00e4chtigen k\u00f6nnte. Sollten Bedenken hinsichtlich meiner geistigen oder k\u00f6rperlichen Gesundheit bestehen, verpflichte ich mich, vor der Teilnahme an Programmen oder Aktivit\u00e4ten von Nutrivial einen Arzt zu konsultieren.<\/p>\t\t\t\t\t\t\t\t<\/div>\n\t\t\t\t<\/div>\n\t\t\t\t<div class=\"elementor-element elementor-element-4a1d9ec elementor-widget elementor-widget-heading\" data-id=\"4a1d9ec\" data-element_type=\"widget\" data-widget_type=\"heading.default\">\n\t\t\t\t<div class=\"elementor-widget-container\">\n\t\t\t\t\t<h5 class=\"elementor-heading-title elementor-size-default\">K\u00f6rperliche Untersuchung\n<\/h5>\t\t\t\t<\/div>\n\t\t\t\t<\/div>\n\t\t\t\t<div class=\"elementor-element elementor-element-7bd303e elementor-widget elementor-widget-text-editor\" data-id=\"7bd303e\" data-element_type=\"widget\" data-widget_type=\"text-editor.default\">\n\t\t\t\t<div class=\"elementor-widget-container\">\n\t\t\t\t\t\t\t\t\t<p>Ich bin mir bewusst, wie wichtig eine \u00e4rztliche Untersuchung vor der Benutzung von Trainingsger\u00e4ten oder der Teilnahme an k\u00f6rperlichen Aktivit\u00e4ten ist. Ich bin mir bewusst, dass ich k\u00f6rperliche \u00dcbungen oder Trainingsaktivit\u00e4ten ausschlie\u00dflich auf eigene Gefahr aus\u00fcbe.<\/p>\t\t\t\t\t\t\t\t<\/div>\n\t\t\t\t<\/div>\n\t\t\t\t<div class=\"elementor-element elementor-element-5c25a4d elementor-widget elementor-widget-heading\" data-id=\"5c25a4d\" data-element_type=\"widget\" data-widget_type=\"heading.default\">\n\t\t\t\t<div class=\"elementor-widget-container\">\n\t\t\t\t\t<h5 class=\"elementor-heading-title elementor-size-default\">Freigabebest\u00e4tigung\n<\/h5>\t\t\t\t<\/div>\n\t\t\t\t<\/div>\n\t\t\t\t<div class=\"elementor-element elementor-element-ba4f6b3 elementor-widget elementor-widget-text-editor\" data-id=\"ba4f6b3\" data-element_type=\"widget\" data-widget_type=\"text-editor.default\">\n\t\t\t\t<div class=\"elementor-widget-container\">\n\t\t\t\t\t\t\t\t\t<p>Im vollen Bewusstsein der damit verbundenen Risiken erkenne ich diese Haftungsfreistellung an und akzeptiere sie. Ich entbinde die Coaches, leitenden Angestellten, Vertreter und Mitarbeiter von Nutrivial von jeglicher Haftung f\u00fcr Unfallverletzungen oder Erkrankungen, die sich aus meiner Teilnahme an k\u00f6rperlichen Aktivit\u00e4ten oder Programmen ergeben k\u00f6nnen. Ich \u00fcbernehme freiwillig alle damit verbundenen Risiken und stimme der Teilnahme am Programm zu.<\/p>\t\t\t\t\t\t\t\t<\/div>\n\t\t\t\t<\/div>\n\t\t\t\t<div class=\"elementor-element elementor-element-35c191a elementor-widget elementor-widget-heading\" data-id=\"35c191a\" data-element_type=\"widget\" data-widget_type=\"heading.default\">\n\t\t\t\t<div class=\"elementor-widget-container\">\n\t\t\t\t\t<h5 class=\"elementor-heading-title elementor-size-default\">Geheimhaltungsvereinbarung\n<\/h5>\t\t\t\t<\/div>\n\t\t\t\t<\/div>\n\t\t\t\t<div class=\"elementor-element elementor-element-a4a5e85 elementor-widget elementor-widget-text-editor\" data-id=\"a4a5e85\" data-element_type=\"widget\" data-widget_type=\"text-editor.default\">\n\t\t\t\t<div class=\"elementor-widget-container\">\n\t\t\t\t\t\t\t\t\t<p>Ich verpflichte mich, alle mir im Rahmen meiner Zusammenarbeit mit Nutrivial zur Verf\u00fcgung gestellten Informationen streng vertraulich zu behandeln und erkenne deren ausschlie\u00dflichen Nutzen f\u00fcr mich an. Ich werde sicherstellen, dass der Zugriff auf diese Informationen, einschlie\u00dflich elektronischer Kommunikation, wie z. B. mein individuelles Coaching-Programm, nur insoweit Dritten vorbehalten bleibt, als dies erforderlich ist. Ohne vorherige schriftliche Zustimmung von Nutrivial werde ich vertrauliche Informationen weder ver\u00f6ffentlichen, kopieren noch weitergeben und ihre Verwendung in einer Weise zulassen, die Nutrivial n\u00fctzen oder schaden k\u00f6nnte.<\/p>\t\t\t\t\t\t\t\t<\/div>\n\t\t\t\t<\/div>\n\t\t\t\t<div class=\"elementor-element elementor-element-c90feeb elementor-widget elementor-widget-heading\" data-id=\"c90feeb\" data-element_type=\"widget\" data-widget_type=\"heading.default\">\n\t\t\t\t<div class=\"elementor-widget-container\">\n\t\t\t\t\t<h5 class=\"elementor-heading-title elementor-size-default\">Einmalige Coaching-Sitzung\n<\/h5>\t\t\t\t<\/div>\n\t\t\t\t<\/div>\n\t\t\t\t<div class=\"elementor-element elementor-element-d04a477 elementor-widget elementor-widget-text-editor\" data-id=\"d04a477\" data-element_type=\"widget\" data-widget_type=\"text-editor.default\">\n\t\t\t\t<div class=\"elementor-widget-container\">\n\t\t\t\t\t\t\t\t\t<p>Nach Abschluss der einmaligen Coaching-Sitzung verstehe ich, dass ich keine Verpflichtung zu weiterer Unterst\u00fctzung, Betreuung oder Dienstleistungen \u00fcber den Umfang der Erstberatung hinaus habe. Ich bin mir bewusst, dass der Zweck dieser Sitzung darin besteht, innerhalb eines festgelegten Zeitraums Anleitung und Empfehlungen zu geben, ohne dass eine fortlaufende Verpflichtung oder Verpflichtung zu zus\u00e4tzlichen Dienstleistungen besteht. Dar\u00fcber hinaus verstehe ich, dass der Kauf oder die Teilnahme an einem Programm keine Garantie f\u00fcr bestimmte Ergebnisse darstellt.<\/p>\t\t\t\t\t\t\t\t<\/div>\n\t\t\t\t<\/div>\n\t\t\t\t<div class=\"elementor-element elementor-element-2a81926 elementor-widget elementor-widget-heading\" data-id=\"2a81926\" data-element_type=\"widget\" data-widget_type=\"heading.default\">\n\t\t\t\t<div class=\"elementor-widget-container\">\n\t\t\t\t\t<h5 class=\"elementor-heading-title elementor-size-default\">Richtlinien f\u00fcr Umbuchungen, Stornierungen und Nichterscheinen:\n<\/h5>\t\t\t\t<\/div>\n\t\t\t\t<\/div>\n\t\t\t\t<div class=\"elementor-element elementor-element-a29446b elementor-widget elementor-widget-text-editor\" data-id=\"a29446b\" data-element_type=\"widget\" data-widget_type=\"text-editor.default\">\n\t\t\t\t<div class=\"elementor-widget-container\">\n\t\t\t\t\t\t\t\t\t<p>Terminverschiebung: Wenn ich meinen Termin verschieben muss, werde ich dies mindestens 24 Stunden im Voraus mitteilen. Mir ist bekannt, dass Terminverschiebungen mit einer Frist von weniger als 24 Stunden nicht m\u00f6glich sind. Ich bin mir au\u00dferdem dar\u00fcber im Klaren, dass Abonnements und Dienstleistungen nicht \u00fcbertragbar und nicht erstattungsf\u00e4hig sind.<\/p><p>Stornierungen: Bei Stornierungen erfolgt keine R\u00fcckerstattung und nach der Stornierung k\u00f6nnen Termine nicht mehr verschoben werden.<\/p><p>Nichterscheinen\/Versp\u00e4tungen: Die Coaches warten bis zu 10 Minuten nach dem vereinbarten Termin. Bei mehr als 10 Minuten Versp\u00e4tung werde ich als nicht erschienen markiert. Vers\u00e4umte Termine f\u00fchren nicht zu einer R\u00fcckerstattung und k\u00f6nnen nicht verschoben werden.<\/p>\t\t\t\t\t\t\t\t<\/div>\n\t\t\t\t<\/div>\n\t\t\t\t<div class=\"elementor-element elementor-element-ce063c8 elementor-widget elementor-widget-heading\" data-id=\"ce063c8\" data-element_type=\"widget\" data-widget_type=\"heading.default\">\n\t\t\t\t<div class=\"elementor-widget-container\">\n\t\t\t\t\t<h5 class=\"elementor-heading-title elementor-size-default\">Abonnements, Coach-Wechsel und W\u00e4hrung\n<\/h5>\t\t\t\t<\/div>\n\t\t\t\t<\/div>\n\t\t\t\t<div class=\"elementor-element elementor-element-2c87cdc elementor-widget elementor-widget-html\" data-id=\"2c87cdc\" data-element_type=\"widget\" data-widget_type=\"html.default\">\n\t\t\t\t<div class=\"elementor-widget-container\">\n\t\t\t\t\t<script>\r\ndocument.addEventListener(\"DOMContentLoaded\", function () {\r\n    const params = new URLSearchParams(window.location.search);\r\n    let durationText = decodeURIComponent(params.get(\"duration\") || '').trim();\r\n\r\n    \/\/ Default fallback\r\n    if (!durationText) {\r\n        durationText = '3-Month Subscription';\r\n    }\r\n\r\n    const match = durationText.match(\/^(\\d+)-Monats\/);\r\n    if (!match) return;\r\n\r\n    const duration = parseInt(match[1], 10);\r\n    const now = new Date();\r\n    const endDate = new Date(now);\r\n    endDate.setMonth(endDate.getMonth() + duration);\r\n\r\n    const options = { year: 'numeric', month: 'long', day: 'numeric' };\r\n    const startDateFormatted = now.toLocaleDateString('en-US', options);\r\n    const endDateFormatted = endDate.toLocaleDateString('en-US', options);\r\n\r\n    \/\/ Inject values into the page\r\n    const elements = {\r\n        durationSpan: document.getElementById(\"durationText\"),\r\n        startDateSpan: document.getElementById(\"startDate3\"),\r\n        endDateSpan: document.getElementById(\"endDate3\"),\r\n        durationValue20: document.getElementById(\"durationValue40\"),\r\n        durationValue21: document.getElementById(\"durationValue41\")\r\n    };\r\n\r\n    if (elements.durationSpan) elements.durationSpan.textContent = durationText;\r\n    if (elements.durationValue20) elements.durationValue20.textContent = `${duration} ${duration === 1 ? \"monat\" : \"Monate\"}`;\r\n    if (elements.durationValue21) elements.durationValue21.textContent = `${duration} ${duration === 1 ? \"monat\" : \"-monatigen\"}`;\r\n    if (elements.startDateSpan) elements.startDateSpan.textContent = startDateFormatted;\r\n    if (elements.endDateSpan) elements.endDateSpan.textContent = endDateFormatted;\r\n});\r\n<\/script>\r\n\r\n\r\n<p>\r\n    Abonnements: Mit der Anmeldung f\u00fcr einen der Nutrivial-Dienste stimme ich einer Mindestlaufzeit von einem Monat zu. Nach Ablauf dieser Laufzeit kann ich mein Abonnement jederzeit k\u00fcndigen, indem ich meinem Coach mindestens drei Werktage vor dem Rechnungsdatum eine Nachricht sende. Ich bin mir bewusst, dass Abonnements und Dienstleistungen nicht \u00fcbertragbar und nicht erstattungsf\u00e4hig sind und ich bei K\u00fcndigung die volle Abonnementgeb\u00fchr f\u00fcr den aktuellen Abrechnungszeitraum zahle. Ich bin mir au\u00dferdem bewusst, dass der Kauf und\/oder die Teilnahme an einem Programm keine Erfolgsgarantie darstellt.\r\n<\/p>\t\t\t\t<\/div>\n\t\t\t\t<\/div>\n\t\t\t\t<div class=\"elementor-element elementor-element-1dd5d8e elementor-widget elementor-widget-text-editor\" data-id=\"1dd5d8e\" data-element_type=\"widget\" data-widget_type=\"text-editor.default\">\n\t\t\t\t<div class=\"elementor-widget-container\">\n\t\t\t\t\t\t\t\t\t<p>Coach-Wechsel: Sollte mein Coach das Nutrivial-Team verlassen oder aus dem Team ausscheiden, verstehe ich, dass der Prozess so reibungslos wie m\u00f6glich gestaltet wird. Sollte mein zugewiesener Coach nicht mehr bei Nutrivial sein, werde ich umgehend benachrichtigt, und ein reibungsloser Wechsel zu einem anderen hochqualifizierten Coach wird vereinbart. Ich bin mir bewusst, dass das Team bestrebt ist, das gleiche Ma\u00df an Fachwissen und pers\u00f6nlicher Betreuung, das ich erwarte, aufrechtzuerhalten. Ich bin mir au\u00dferdem bewusst, dass ein Coach-Wechsel keine \u00c4nderung der Bedingungen meines Servicevertrags darstellt. Die Priorit\u00e4t liegt weiterhin darin, mir dabei zu helfen, meine Ziele ohne Unterbrechung zu erreichen.<\/p><p>W\u00e4hrung: Alle auf unserer Website angegebenen Preise verstehen sich in Euro.<\/p>\t\t\t\t\t\t\t\t<\/div>\n\t\t\t\t<\/div>\n\t\t\t\t<div class=\"elementor-element elementor-element-d7a2861 elementor-widget elementor-widget-text-editor\" data-id=\"d7a2861\" data-element_type=\"widget\" data-widget_type=\"text-editor.default\">\n\t\t\t\t<div class=\"elementor-widget-container\">\n\t\t\t\t\t\t\t\t\t<p>*Hinweis: Nutrivial-Coaches k\u00f6nnen ihren Urlaub nach eigenem Ermessen planen. Mir ist bekannt, dass ich von meinem Coach vorab \u00fcber geplante Urlaubszeiten informiert werde. W\u00e4hrend des Urlaubs entfallen die Check-ins und es erfolgt keine R\u00fcckerstattung, Gutschrift oder Pause f\u00fcr diese Wochen.<\/p>\t\t\t\t\t\t\t\t<\/div>\n\t\t\t\t<\/div>\n\t\t\t\t\t<\/div>\n\t\t\t\t<\/div>\n\t\t\t\t<\/div>\n\t\t","protected":false},"excerpt":{"rendered":"<p>Nutrivial Allgemeine Gesch\u00e4ftsbedingungen und rechtliche Vereinbarung Haftungsausschluss und Gesundheitsbest\u00e4tigung Durch die Nutzung der von Nutrivial bereitgestellten Dienste, Ressourcen und Informationen \u2013 einschlie\u00dflich, aber nicht beschr\u00e4nkt auf Einzelcoaching, Beratungsgespr\u00e4che, Gesundheits- und Ern\u00e4hrungsprogramme, Blogbeitr\u00e4ge, E-Books und die N\u00e4hrstoffanalyse \u2013 erkenne ich an und stimme zu, Nutrivial sowie seine Berater, leitenden Angestellten, Vertreter und Mitarbeiter von jeglicher Verantwortung, [&hellip;]<\/p>\n","protected":false},"author":1,"featured_media":0,"parent":0,"menu_order":0,"comment_status":"closed","ping_status":"closed","template":"","meta":{"_acf_changed":false,"footnotes":""},"class_list":["post-6024","page","type-page","status-publish","hentry"],"acf":[],"_links":{"self":[{"href":"https:\/\/www.nutrivial.com\/de\/wp-json\/wp\/v2\/pages\/6024","targetHints":{"allow":["GET"]}}],"collection":[{"href":"https:\/\/www.nutrivial.com\/de\/wp-json\/wp\/v2\/pages"}],"about":[{"href":"https:\/\/www.nutrivial.com\/de\/wp-json\/wp\/v2\/types\/page"}],"author":[{"embeddable":true,"href":"https:\/\/www.nutrivial.com\/de\/wp-json\/wp\/v2\/users\/1"}],"replies":[{"embeddable":true,"href":"https:\/\/www.nutrivial.com\/de\/wp-json\/wp\/v2\/comments?post=6024"}],"version-history":[{"count":28,"href":"https:\/\/www.nutrivial.com\/de\/wp-json\/wp\/v2\/pages\/6024\/revisions"}],"predecessor-version":[{"id":11031,"href":"https:\/\/www.nutrivial.com\/de\/wp-json\/wp\/v2\/pages\/6024\/revisions\/11031"}],"wp:attachment":[{"href":"https:\/\/www.nutrivial.com\/de\/wp-json\/wp\/v2\/media?parent=6024"}],"curies":[{"name":"wp","href":"https:\/\/api.w.org\/{rel}","templated":true}]}}